{"id":255,"date":"2025-11-10T17:41:21","date_gmt":"2025-11-10T16:41:21","guid":{"rendered":"https:\/\/bulledangeline.com\/?page_id=255"},"modified":"2025-11-17T18:28:56","modified_gmt":"2025-11-17T17:28:56","slug":"nos-prestations","status":"publish","type":"page","link":"https:\/\/bulledangeline.com\/index.php\/nos-prestations\/","title":{"rendered":"Nos prestations"},"content":{"rendered":"\t\t<div data-elementor-type=\"wp-page\" data-elementor-id=\"255\" class=\"elementor elementor-255\" data-elementor-post-type=\"page\">\n\t\t\t\t<div class=\"elementor-element elementor-element-84fcf79 e-flex e-con-boxed wpr-particle-no wpr-jarallax-no wpr-parallax-no wpr-sticky-section-no wpr-equal-height-no e-con e-parent\" data-id=\"84fcf79\" data-element_type=\"container\" data-e-type=\"container\">\n\t\t\t\t\t<div class=\"e-con-inner\">\n\t\t\t\t<div class=\"elementor-element elementor-element-888c8f1 elementor-widget elementor-widget-search\" data-id=\"888c8f1\" data-element_type=\"widget\" data-e-type=\"widget\" data-settings=\"{&quot;submit_trigger&quot;:&quot;key_enter&quot;,&quot;pagination_type_options&quot;:&quot;none&quot;}\" data-widget_type=\"search.default\">\n\t\t\t\t<div class=\"elementor-widget-container\">\n\t\t\t\t\t\t\t<search class=\"e-search hidden\" role=\"search\">\n\t\t\t<form class=\"e-search-form\" action=\"https:\/\/bulledangeline.com\" method=\"get\">\n\n\t\t\t\t\n\t\t\t\t<label class=\"e-search-label\" for=\"search-888c8f1\">\n\t\t\t\t\t<span class=\"elementor-screen-only\">\n\t\t\t\t\t\tRechercher \t\t\t\t\t<\/span>\n\t\t\t\t\t\t\t\t\t<\/label>\n\n\t\t\t\t<div class=\"e-search-input-wrapper\">\n\t\t\t\t\t<input id=\"search-888c8f1\" placeholder=\"Rechercher ...\" class=\"e-search-input\" type=\"search\" name=\"s\" value=\"\" autocomplete=\"on\" role=\"combobox\" aria-autocomplete=\"list\" aria-expanded=\"false\" aria-controls=\"results-888c8f1\" aria-haspopup=\"listbox\">\n\t\t\t\t\t<svg aria-hidden=\"true\" class=\"e-font-icon-svg e-fas-times\" viewBox=\"0 0 352 512\" xmlns=\"http:\/\/www.w3.org\/2000\/svg\"><path d=\"M242.72 256l100.07-100.07c12.28-12.28 12.28-32.19 0-44.48l-22.24-22.24c-12.28-12.28-32.19-12.28-44.48 0L176 189.28 75.93 89.21c-12.28-12.28-32.19-12.28-44.48 0L9.21 111.45c-12.28 12.28-12.28 32.19 0 44.48L109.28 256 9.21 356.07c-12.28 12.28-12.28 32.19 0 44.48l22.24 22.24c12.28 12.28 32.2 12.28 44.48 0L176 322.72l100.07 100.07c12.28 12.28 32.2 12.28 44.48 0l22.24-22.24c12.28-12.28 12.28-32.19 0-44.48L242.72 256z\"><\/path><\/svg>\t\t\t\t\t\t\t\t\t\t<output id=\"results-888c8f1\" class=\"e-search-results-container hide-loader\" aria-live=\"polite\" aria-atomic=\"true\" aria-label=\"Results for search\" tabindex=\"0\">\n\t\t\t\t\t\t<div class=\"e-search-results\"><\/div>\n\t\t\t\t\t\t\t\t\t\t\t<\/output>\n\t\t\t\t\t\t\t\t\t<\/div>\n\t\t\t\t\n\t\t\t\t\n\t\t\t\t<button class=\"e-search-submit elementor-screen-only \" type=\"submit\" aria-label=\"Rechercher \">\n\t\t\t\t\t\n\t\t\t\t\t\t\t\t\t<\/button>\n\t\t\t\t<input type=\"hidden\" name=\"e_search_props\" value=\"888c8f1-255\">\n\t\t\t<\/form>\n\t\t<\/search>\n\t\t\t\t\t\t<\/div>\n\t\t\t\t<\/div>\n\t\t\t\t\t<\/div>\n\t\t\t\t<\/div>\n\t\t<div class=\"elementor-element elementor-element-dd31392 e-flex e-con-boxed wpr-particle-no wpr-jarallax-no wpr-parallax-no wpr-sticky-section-no wpr-equal-height-no e-con e-parent\" data-id=\"dd31392\" data-element_type=\"container\" data-e-type=\"container\">\n\t\t\t\t\t<div class=\"e-con-inner\">\n\t\t\t\t<div class=\"elementor-element elementor-element-eb59908 elementor-grid-3 elementor-grid-tablet-2 elementor-grid-mobile-1 elementor-widget elementor-widget-loop-grid\" data-id=\"eb59908\" data-element_type=\"widget\" data-e-type=\"widget\" data-settings=\"{&quot;template_id&quot;:338,&quot;pagination_type&quot;:&quot;numbers&quot;,&quot;_skin&quot;:&quot;post&quot;,&quot;columns&quot;:&quot;3&quot;,&quot;columns_tablet&quot;:&quot;2&quot;,&quot;columns_mobile&quot;:&quot;1&quot;,&quot;edit_handle_selector&quot;:&quot;[data-elementor-type=\\&quot;loop-item\\&quot;]&quot;,&quot;pagination_load_type&quot;:&quot;page_reload&quot;,&quot;row_gap&quot;:{&quot;unit&quot;:&quot;px&quot;,&quot;size&quot;:&quot;&quot;,&quot;sizes&quot;:[]},&quot;row_gap_tablet&quot;:{&quot;unit&quot;:&quot;px&quot;,&quot;size&quot;:&quot;&quot;,&quot;sizes&quot;:[]},&quot;row_gap_mobile&quot;:{&quot;unit&quot;:&quot;px&quot;,&quot;size&quot;:&quot;&quot;,&quot;sizes&quot;:[]}}\" data-widget_type=\"loop-grid.post\">\n\t\t\t\t<div class=\"elementor-widget-container\">\n\t\t\t\t\t\t\t<div class=\"elementor-loop-container elementor-grid\" role=\"list\">\n\t\t<style id=\"loop-338\">.elementor-338 .elementor-element.elementor-element-7abf380{--display:flex;--flex-direction:column;--container-widget-width:100%;--container-widget-height:initial;--container-widget-flex-grow:0;--container-widget-align-self:initial;--flex-wrap-mobile:wrap;border-style:none;--border-style:none;--border-radius:20px 20px 20px 20px;box-shadow:0px 0px 10px 0px rgba(0,0,0,0.5);}.elementor-338 .elementor-element.elementor-element-7abf380:not(.elementor-motion-effects-element-type-background), .elementor-338 .elementor-element.elementor-element-7abf380 > .elementor-motion-effects-container > .elementor-motion-effects-layer{background-color:var( --e-global-color-4e2a4ac );}.elementor-widget-image .widget-image-caption{color:var( --e-global-color-text );font-family:var( --e-global-typography-text-font-family ), Sans-serif;font-size:var( --e-global-typography-text-font-size );font-weight:var( --e-global-typography-text-font-weight );}.elementor-338 .elementor-element.elementor-element-fc998d7 > .elementor-widget-container{border-style:none;border-radius:20px 20px 20px 20px;}.elementor-widget-heading .elementor-heading-title{font-family:var( --e-global-typography-primary-font-family ), Sans-serif;font-size:var( --e-global-typography-primary-font-size );font-weight:var( --e-global-typography-primary-font-weight );color:var( --e-global-color-primary );}.elementor-338 .elementor-element.elementor-element-825e6df > .elementor-widget-container{margin:0px 0px 0px 0px;}.elementor-widget-text-editor{font-family:var( --e-global-typography-text-font-family ), Sans-serif;font-size:var( --e-global-typography-text-font-size );font-weight:var( --e-global-typography-text-font-weight );color:var( --e-global-color-text );}.elementor-widget-text-editor.elementor-drop-cap-view-stacked .elementor-drop-cap{background-color:var( --e-global-color-primary );}.elementor-widget-text-editor.elementor-drop-cap-view-framed .elementor-drop-cap, .elementor-widget-text-editor.elementor-drop-cap-view-default .elementor-drop-cap{color:var( --e-global-color-primary );border-color:var( --e-global-color-primary );}.elementor-338 .elementor-element.elementor-element-ca8e17a > .elementor-widget-container{padding:0px 0px 0px 0px;}.elementor-widget-button .elementor-button{font-family:var( --e-global-typography-accent-font-family ), Sans-serif;font-size:var( --e-global-typography-accent-font-size );font-weight:var( --e-global-typography-accent-font-weight );background-color:var( --e-global-color-accent );}.elementor-338 .elementor-element.elementor-element-9fc3a07 .elementor-button{fill:var( --e-global-color-4e2a4ac );color:var( --e-global-color-4e2a4ac );background-color:var( --e-global-color-primary );border-radius:10px 10px 10px 10px;padding:13px 55px 13px 55px;}.elementor-338 .elementor-element.elementor-element-9fc3a07 .elementor-button:hover, .elementor-338 .elementor-element.elementor-element-9fc3a07 .elementor-button:focus{color:var( --e-global-color-secondary );}.elementor-338 .elementor-element.elementor-element-9fc3a07 .elementor-button:hover svg, .elementor-338 .elementor-element.elementor-element-9fc3a07 .elementor-button:focus svg{fill:var( --e-global-color-secondary );}.elementor-338 .elementor-element.elementor-element-9fc3a07 > .elementor-widget-container{padding:0px 0px 0px 0px;}@media(max-width:1024px){.elementor-widget-image .widget-image-caption{font-size:var( --e-global-typography-text-font-size );}.elementor-widget-heading .elementor-heading-title{font-size:var( --e-global-typography-primary-font-size );}.elementor-widget-text-editor{font-size:var( --e-global-typography-text-font-size );}.elementor-widget-button .elementor-button{font-size:var( --e-global-typography-accent-font-size );}}@media(max-width:767px){.elementor-widget-image .widget-image-caption{font-size:var( --e-global-typography-text-font-size );}.elementor-widget-heading .elementor-heading-title{font-size:var( --e-global-typography-primary-font-size );}.elementor-widget-text-editor{font-size:var( --e-global-typography-text-font-size );}.elementor-widget-button .elementor-button{font-size:var( --e-global-typography-accent-font-size );}}<\/style>\t\t<div data-elementor-type=\"loop-item\" data-elementor-id=\"338\" class=\"elementor elementor-338 e-loop-item e-loop-item-277 post-277 prestation type-prestation status-publish hentry\" data-elementor-post-type=\"elementor_library\" data-custom-edit-handle=\"1\">\n\t\t\t<div class=\"elementor-element elementor-element-7abf380 e-con-full e-flex wpr-particle-no wpr-jarallax-no wpr-parallax-no wpr-sticky-section-no wpr-equal-height-no e-con e-parent\" data-id=\"7abf380\" data-element_type=\"container\" data-e-type=\"container\" data-settings=\"{&quot;background_background&quot;:&quot;classic&quot;}\">\n\t\t\t\t<div class=\"elementor-element elementor-element-fc998d7 elementor-widget elementor-widget-image\" data-id=\"fc998d7\" data-element_type=\"widget\" data-e-type=\"widget\" data-widget_type=\"image.default\">\n\t\t\t\t<div class=\"elementor-widget-container\">\n\t\t\t\t\t\t\t\t\t\t\t\t\t\t\t<img fetchpriority=\"high\" decoding=\"async\" width=\"800\" height=\"531\" src=\"https:\/\/bulledangeline.com\/wp-content\/uploads\/2025\/11\/reflexologie-plantaire-1024x680-1.webp\" class=\"attachment-large size-large wp-image-279\" alt=\"\" srcset=\"https:\/\/bulledangeline.com\/wp-content\/uploads\/2025\/11\/reflexologie-plantaire-1024x680-1.webp 1024w, https:\/\/bulledangeline.com\/wp-content\/uploads\/2025\/11\/reflexologie-plantaire-1024x680-1-300x199.webp 300w, https:\/\/bulledangeline.com\/wp-content\/uploads\/2025\/11\/reflexologie-plantaire-1024x680-1-768x510.webp 768w\" sizes=\"(max-width: 800px) 100vw, 800px\" \/>\t\t\t\t\t\t\t\t\t\t\t\t\t\t\t<\/div>\n\t\t\t\t<\/div>\n\t\t\t\t<div class=\"elementor-element elementor-element-825e6df elementor-widget elementor-widget-heading\" data-id=\"825e6df\" data-element_type=\"widget\" data-e-type=\"widget\" data-widget_type=\"heading.default\">\n\t\t\t\t<div class=\"elementor-widget-container\">\n\t\t\t\t\t<h2 class=\"elementor-heading-title elementor-size-default\">R\u00e9flexologie<\/h2>\t\t\t\t<\/div>\n\t\t\t\t<\/div>\n\t\t\t\t<div class=\"elementor-element elementor-element-ca8e17a elementor-widget elementor-widget-text-editor\" data-id=\"ca8e17a\" data-element_type=\"widget\" data-e-type=\"widget\" data-widget_type=\"text-editor.default\">\n\t\t\t\t<div class=\"elementor-widget-container\">\n\t\t\t\t\t\t\t\t\tLa r\u00e9flexologie est une m\u00e9thode naturelle qui stimule des zones pr\u00e9cises des pieds, des mains ou du visage pour r\u00e9\u00e9quilibrer le corps, apaiser le stress, am\u00e9liorer le sommeil et favoriser le bien-\u00eatre global. Un moment profond de d\u00e9tente et de reconnexion \u00e0 soi.\t\t\t\t\t\t\t\t<\/div>\n\t\t\t\t<\/div>\n\t\t\t\t<div class=\"elementor-element elementor-element-9fc3a07 elementor-align-center elementor-widget elementor-widget-button\" data-id=\"9fc3a07\" data-element_type=\"widget\" data-e-type=\"widget\" data-widget_type=\"button.default\">\n\t\t\t\t<div class=\"elementor-widget-container\">\n\t\t\t\t\t\t\t\t\t<div class=\"elementor-button-wrapper\">\n\t\t\t\t\t<a class=\"elementor-button elementor-button-link elementor-size-sm\" href=\"https:\/\/bulledangeline.com\/index.php\/prestation\/reflexologie\/\">\n\t\t\t\t\t\t<span class=\"elementor-button-content-wrapper\">\n\t\t\t\t\t\t\t\t\t<span class=\"elementor-button-text\">D\u00e9couvrir<\/span>\n\t\t\t\t\t<\/span>\n\t\t\t\t\t<\/a>\n\t\t\t\t<\/div>\n\t\t\t\t\t\t\t\t<\/div>\n\t\t\t\t<\/div>\n\t\t\t\t<\/div>\n\t\t\t\t<\/div>\n\t\t\t\t<\/div>\n\t\t\n\t\t\t\t\t\t<\/div>\n\t\t\t\t<\/div>\n\t\t\t\t\t<\/div>\n\t\t\t\t<\/div>\n\t\t\t\t<\/div>\n\t\t","protected":false},"excerpt":{"rendered":"<p>Search<\/p>\n","protected":false},"author":2,"featured_media":0,"parent":0,"menu_order":0,"comment_status":"closed","ping_status":"closed","template":"elementor_header_footer","meta":{"_acf_changed":false,"footnotes":""},"class_list":["post-255","page","type-page","status-publish","hentry"],"acf":[],"yoast_head":"<!-- This site is optimized with the Yoast SEO plugin v27.4 - https:\/\/yoast.com\/product\/yoast-seo-wordpress\/ -->\n<title>Nos prestations - Bulle d&#039;Angeline<\/title>\n<meta name=\"robots\" content=\"index, follow, max-snippet:-1, max-image-preview:large, max-video-preview:-1\" \/>\n<link rel=\"canonical\" href=\"https:\/\/bulledangeline.com\/index.php\/nos-prestations\/\" \/>\n<meta property=\"og:locale\" content=\"fr_FR\" \/>\n<meta property=\"og:type\" content=\"article\" \/>\n<meta property=\"og:title\" content=\"Nos prestations - Bulle d&#039;Angeline\" \/>\n<meta property=\"og:description\" content=\"Search\" \/>\n<meta property=\"og:url\" content=\"https:\/\/bulledangeline.com\/index.php\/nos-prestations\/\" \/>\n<meta property=\"og:site_name\" content=\"Bulle d&#039;Angeline\" \/>\n<meta property=\"article:modified_time\" content=\"2025-11-17T17:28:56+00:00\" \/>\n<meta name=\"twitter:card\" content=\"summary_large_image\" \/>\n<meta name=\"twitter:label1\" content=\"Dur\u00e9e de lecture estim\u00e9e\" \/>\n\t<meta name=\"twitter:data1\" content=\"1 minute\" \/>\n<script type=\"application\/ld+json\" class=\"yoast-schema-graph\">{\"@context\":\"https:\\\/\\\/schema.org\",\"@graph\":[{\"@type\":\"WebPage\",\"@id\":\"https:\\\/\\\/bulledangeline.com\\\/index.php\\\/nos-prestations\\\/\",\"url\":\"https:\\\/\\\/bulledangeline.com\\\/index.php\\\/nos-prestations\\\/\",\"name\":\"Nos prestations - Bulle d&#039;Angeline\",\"isPartOf\":{\"@id\":\"https:\\\/\\\/bulledangeline.com\\\/#website\"},\"datePublished\":\"2025-11-10T16:41:21+00:00\",\"dateModified\":\"2025-11-17T17:28:56+00:00\",\"breadcrumb\":{\"@id\":\"https:\\\/\\\/bulledangeline.com\\\/index.php\\\/nos-prestations\\\/#breadcrumb\"},\"inLanguage\":\"fr-FR\",\"potentialAction\":[{\"@type\":\"ReadAction\",\"target\":[\"https:\\\/\\\/bulledangeline.com\\\/index.php\\\/nos-prestations\\\/\"]}]},{\"@type\":\"BreadcrumbList\",\"@id\":\"https:\\\/\\\/bulledangeline.com\\\/index.php\\\/nos-prestations\\\/#breadcrumb\",\"itemListElement\":[{\"@type\":\"ListItem\",\"position\":1,\"name\":\"Accueil\",\"item\":\"https:\\\/\\\/bulledangeline.com\\\/\"},{\"@type\":\"ListItem\",\"position\":2,\"name\":\"Nos prestations\"}]},{\"@type\":\"WebSite\",\"@id\":\"https:\\\/\\\/bulledangeline.com\\\/#website\",\"url\":\"https:\\\/\\\/bulledangeline.com\\\/\",\"name\":\"Bulle d&#039;Angeline\",\"description\":\"Centre de bien \u00eatre \u00e0 Gisors\",\"publisher\":{\"@id\":\"https:\\\/\\\/bulledangeline.com\\\/#organization\"},\"potentialAction\":[{\"@type\":\"SearchAction\",\"target\":{\"@type\":\"EntryPoint\",\"urlTemplate\":\"https:\\\/\\\/bulledangeline.com\\\/?s={search_term_string}\"},\"query-input\":{\"@type\":\"PropertyValueSpecification\",\"valueRequired\":true,\"valueName\":\"search_term_string\"}}],\"inLanguage\":\"fr-FR\"},{\"@type\":\"Organization\",\"@id\":\"https:\\\/\\\/bulledangeline.com\\\/#organization\",\"name\":\"Bulle d&#039;Angeline\",\"url\":\"https:\\\/\\\/bulledangeline.com\\\/\",\"logo\":{\"@type\":\"ImageObject\",\"inLanguage\":\"fr-FR\",\"@id\":\"https:\\\/\\\/bulledangeline.com\\\/#\\\/schema\\\/logo\\\/image\\\/\",\"url\":\"https:\\\/\\\/bulledangeline.com\\\/wp-content\\\/uploads\\\/2025\\\/02\\\/cropped-29.png\",\"contentUrl\":\"https:\\\/\\\/bulledangeline.com\\\/wp-content\\\/uploads\\\/2025\\\/02\\\/cropped-29.png\",\"width\":638,\"height\":521,\"caption\":\"Bulle d&#039;Angeline\"},\"image\":{\"@id\":\"https:\\\/\\\/bulledangeline.com\\\/#\\\/schema\\\/logo\\\/image\\\/\"}}]}<\/script>\n<!-- \/ Yoast SEO plugin. -->","yoast_head_json":{"title":"Nos prestations - Bulle d&#039;Angeline","robots":{"index":"index","follow":"follow","max-snippet":"max-snippet:-1","max-image-preview":"max-image-preview:large","max-video-preview":"max-video-preview:-1"},"canonical":"https:\/\/bulledangeline.com\/index.php\/nos-prestations\/","og_locale":"fr_FR","og_type":"article","og_title":"Nos prestations - Bulle d&#039;Angeline","og_description":"Search","og_url":"https:\/\/bulledangeline.com\/index.php\/nos-prestations\/","og_site_name":"Bulle d&#039;Angeline","article_modified_time":"2025-11-17T17:28:56+00:00","twitter_card":"summary_large_image","twitter_misc":{"Dur\u00e9e de lecture estim\u00e9e":"1 minute"},"schema":{"@context":"https:\/\/schema.org","@graph":[{"@type":"WebPage","@id":"https:\/\/bulledangeline.com\/index.php\/nos-prestations\/","url":"https:\/\/bulledangeline.com\/index.php\/nos-prestations\/","name":"Nos prestations - Bulle d&#039;Angeline","isPartOf":{"@id":"https:\/\/bulledangeline.com\/#website"},"datePublished":"2025-11-10T16:41:21+00:00","dateModified":"2025-11-17T17:28:56+00:00","breadcrumb":{"@id":"https:\/\/bulledangeline.com\/index.php\/nos-prestations\/#breadcrumb"},"inLanguage":"fr-FR","potentialAction":[{"@type":"ReadAction","target":["https:\/\/bulledangeline.com\/index.php\/nos-prestations\/"]}]},{"@type":"BreadcrumbList","@id":"https:\/\/bulledangeline.com\/index.php\/nos-prestations\/#breadcrumb","itemListElement":[{"@type":"ListItem","position":1,"name":"Accueil","item":"https:\/\/bulledangeline.com\/"},{"@type":"ListItem","position":2,"name":"Nos prestations"}]},{"@type":"WebSite","@id":"https:\/\/bulledangeline.com\/#website","url":"https:\/\/bulledangeline.com\/","name":"Bulle d&#039;Angeline","description":"Centre de bien \u00eatre \u00e0 Gisors","publisher":{"@id":"https:\/\/bulledangeline.com\/#organization"},"potentialAction":[{"@type":"SearchAction","target":{"@type":"EntryPoint","urlTemplate":"https:\/\/bulledangeline.com\/?s={search_term_string}"},"query-input":{"@type":"PropertyValueSpecification","valueRequired":true,"valueName":"search_term_string"}}],"inLanguage":"fr-FR"},{"@type":"Organization","@id":"https:\/\/bulledangeline.com\/#organization","name":"Bulle d&#039;Angeline","url":"https:\/\/bulledangeline.com\/","logo":{"@type":"ImageObject","inLanguage":"fr-FR","@id":"https:\/\/bulledangeline.com\/#\/schema\/logo\/image\/","url":"https:\/\/bulledangeline.com\/wp-content\/uploads\/2025\/02\/cropped-29.png","contentUrl":"https:\/\/bulledangeline.com\/wp-content\/uploads\/2025\/02\/cropped-29.png","width":638,"height":521,"caption":"Bulle d&#039;Angeline"},"image":{"@id":"https:\/\/bulledangeline.com\/#\/schema\/logo\/image\/"}}]}},"_links":{"self":[{"href":"https:\/\/bulledangeline.com\/index.php\/wp-json\/wp\/v2\/pages\/255","targetHints":{"allow":["GET"]}}],"collection":[{"href":"https:\/\/bulledangeline.com\/index.php\/wp-json\/wp\/v2\/pages"}],"about":[{"href":"https:\/\/bulledangeline.com\/index.php\/wp-json\/wp\/v2\/types\/page"}],"author":[{"embeddable":true,"href":"https:\/\/bulledangeline.com\/index.php\/wp-json\/wp\/v2\/users\/2"}],"replies":[{"embeddable":true,"href":"https:\/\/bulledangeline.com\/index.php\/wp-json\/wp\/v2\/comments?post=255"}],"version-history":[{"count":34,"href":"https:\/\/bulledangeline.com\/index.php\/wp-json\/wp\/v2\/pages\/255\/revisions"}],"predecessor-version":[{"id":391,"href":"https:\/\/bulledangeline.com\/index.php\/wp-json\/wp\/v2\/pages\/255\/revisions\/391"}],"wp:attachment":[{"href":"https:\/\/bulledangeline.com\/index.php\/wp-json\/wp\/v2\/media?parent=255"}],"curies":[{"name":"wp","href":"https:\/\/api.w.org\/{rel}","templated":true}]}}