{"id":308,"date":"2025-11-10T18:34:41","date_gmt":"2025-11-10T17:34:41","guid":{"rendered":"https:\/\/bulledangeline.com\/?page_id=308"},"modified":"2025-11-17T18:34:47","modified_gmt":"2025-11-17T17:34:47","slug":"actualites","status":"publish","type":"page","link":"https:\/\/bulledangeline.com\/index.php\/actualites\/","title":{"rendered":"Actualit\u00e9s"},"content":{"rendered":"\t\t<div data-elementor-type=\"wp-page\" data-elementor-id=\"308\" class=\"elementor elementor-308\" data-elementor-post-type=\"page\">\n\t\t\t\t<div class=\"elementor-element elementor-element-618e028 e-flex e-con-boxed wpr-particle-no wpr-jarallax-no wpr-parallax-no wpr-sticky-section-no wpr-equal-height-no e-con e-parent\" data-id=\"618e028\" data-element_type=\"container\" data-e-type=\"container\">\n\t\t\t\t\t<div class=\"e-con-inner\">\n\t\t\t\t<div class=\"elementor-element elementor-element-d8933e9 elementor-grid-3 elementor-grid-tablet-2 elementor-grid-mobile-1 elementor-posts--thumbnail-top elementor-card-shadow-yes elementor-posts__hover-gradient elementor-widget elementor-widget-posts\" data-id=\"d8933e9\" data-element_type=\"widget\" data-e-type=\"widget\" data-settings=\"{&quot;cards_masonry&quot;:&quot;yes&quot;,&quot;cards_columns&quot;:&quot;3&quot;,&quot;cards_columns_tablet&quot;:&quot;2&quot;,&quot;cards_columns_mobile&quot;:&quot;1&quot;,&quot;cards_row_gap&quot;:{&quot;unit&quot;:&quot;px&quot;,&quot;size&quot;:35,&quot;sizes&quot;:[]},&quot;cards_row_gap_tablet&quot;:{&quot;unit&quot;:&quot;px&quot;,&quot;size&quot;:&quot;&quot;,&quot;sizes&quot;:[]},&quot;cards_row_gap_mobile&quot;:{&quot;unit&quot;:&quot;px&quot;,&quot;size&quot;:&quot;&quot;,&quot;sizes&quot;:[]}}\" data-widget_type=\"posts.cards\">\n\t\t\t\t<div class=\"elementor-widget-container\">\n\t\t\t\t\t\t\t<div class=\"elementor-posts-container elementor-posts elementor-posts--skin-cards elementor-grid\" role=\"list\">\n\t\t\t\t<article class=\"elementor-post elementor-grid-item post-312 post type-post status-publish format-standard has-post-thumbnail hentry category-non-classe\" role=\"listitem\">\n\t\t\t<div class=\"elementor-post__card\">\n\t\t\t\t<a class=\"elementor-post__thumbnail__link\" href=\"https:\/\/bulledangeline.com\/index.php\/2025\/11\/10\/bulle-dangeline-x-spatium-une-collaboration-au-service-de-votre-bien-etre-a-gisors\/\" tabindex=\"-1\" ><div class=\"elementor-post__thumbnail\"><img decoding=\"async\" width=\"300\" height=\"145\" src=\"https:\/\/bulledangeline.com\/wp-content\/uploads\/2025\/11\/Z2X4AAhnEilx.jpeg.png-300x145.jpeg\" class=\"attachment-medium size-medium wp-image-314\" alt=\"\" srcset=\"https:\/\/bulledangeline.com\/wp-content\/uploads\/2025\/11\/Z2X4AAhnEilx.jpeg.png-300x145.jpeg 300w, https:\/\/bulledangeline.com\/wp-content\/uploads\/2025\/11\/Z2X4AAhnEilx.jpeg.png-1024x494.jpeg 1024w, https:\/\/bulledangeline.com\/wp-content\/uploads\/2025\/11\/Z2X4AAhnEilx.jpeg.png-768x371.jpeg 768w, https:\/\/bulledangeline.com\/wp-content\/uploads\/2025\/11\/Z2X4AAhnEilx.jpeg.png-1536x741.jpeg 1536w, https:\/\/bulledangeline.com\/wp-content\/uploads\/2025\/11\/Z2X4AAhnEilx.jpeg.png-2048x989.jpeg 2048w\" sizes=\"(max-width: 300px) 100vw, 300px\" \/><\/div><\/a>\n\t\t\t\t<div class=\"elementor-post__text\">\n\t\t\t\t<h3 class=\"elementor-post__title\">\n\t\t\t<a href=\"https:\/\/bulledangeline.com\/index.php\/2025\/11\/10\/bulle-dangeline-x-spatium-une-collaboration-au-service-de-votre-bien-etre-a-gisors\/\" >\n\t\t\t\tBulle d\u2019Angeline x Spatium : une collaboration au service de votre bien-\u00eatre \u00e0 Gisors\t\t\t<\/a>\n\t\t<\/h3>\n\t\t\t\t<div class=\"elementor-post__excerpt\">\n\t\t\t<p>Bonne nouvelle : Bulle d\u2019Angeline s\u2019associe \u00e0 la parfumerie Spatium \u00e0 Gisors. Toutes nos prestations sont d\u00e9sormais r\u00e9alis\u00e9es directement chez Spatium, dans un cadre chic et apaisant, au c\u0153ur de la ville.<\/p>\t\t<\/div>\n\t\t\n\t\t<a class=\"elementor-post__read-more\" href=\"https:\/\/bulledangeline.com\/index.php\/2025\/11\/10\/bulle-dangeline-x-spatium-une-collaboration-au-service-de-votre-bien-etre-a-gisors\/\" aria-label=\"En savoir plus sur Bulle d\u2019Angeline x Spatium : une collaboration au service de votre bien-\u00eatre \u00e0 Gisors\" tabindex=\"-1\" >\n\t\t\tLire la suite ...\t\t<\/a>\n\n\t\t\t\t<\/div>\n\t\t\t\t\t<\/div>\n\t\t<\/article>\n\t\t\t\t<\/div>\n\t\t\n\t\t\t\t\t\t<\/div>\n\t\t\t\t<\/div>\n\t\t\t\t\t<\/div>\n\t\t\t\t<\/div>\n\t\t\t\t<\/div>\n\t\t","protected":false},"excerpt":{"rendered":"","protected":false},"author":2,"featured_media":0,"parent":0,"menu_order":0,"comment_status":"closed","ping_status":"closed","template":"elementor_header_footer","meta":{"_acf_changed":false,"footnotes":""},"class_list":["post-308","page","type-page","status-publish","hentry"],"acf":[],"yoast_head":"<!-- This site is optimized with the Yoast SEO plugin v27.4 - https:\/\/yoast.com\/product\/yoast-seo-wordpress\/ -->\n<title>Actualit\u00e9s - Bulle d&#039;Angeline<\/title>\n<meta name=\"description\" content=\"Toutes les actualit\u00e9s de Bulle d\u2019Angeline \u00e0 Gisors : id\u00e9es bien-\u00eatre, focus soins, \u00e9v\u00e9nements et nouveaut\u00e9s pour prendre soin de vous.\" \/>\n<meta name=\"robots\" content=\"index, follow, max-snippet:-1, max-image-preview:large, max-video-preview:-1\" \/>\n<link rel=\"canonical\" href=\"https:\/\/bulledangeline.com\/index.php\/actualites\/\" \/>\n<meta property=\"og:locale\" content=\"fr_FR\" \/>\n<meta property=\"og:type\" content=\"article\" \/>\n<meta property=\"og:title\" content=\"Actualit\u00e9s - Bulle d&#039;Angeline\" \/>\n<meta property=\"og:description\" content=\"Toutes les actualit\u00e9s de Bulle d\u2019Angeline \u00e0 Gisors : id\u00e9es bien-\u00eatre, focus soins, \u00e9v\u00e9nements et nouveaut\u00e9s pour prendre soin de vous.\" \/>\n<meta property=\"og:url\" content=\"https:\/\/bulledangeline.com\/index.php\/actualites\/\" \/>\n<meta property=\"og:site_name\" content=\"Bulle d&#039;Angeline\" \/>\n<meta property=\"article:modified_time\" content=\"2025-11-17T17:34:47+00:00\" \/>\n<meta name=\"twitter:card\" content=\"summary_large_image\" \/>\n<script type=\"application\/ld+json\" class=\"yoast-schema-graph\">{\"@context\":\"https:\\\/\\\/schema.org\",\"@graph\":[{\"@type\":\"NewsArticle\",\"@id\":\"https:\\\/\\\/bulledangeline.com\\\/index.php\\\/actualites\\\/#article\",\"isPartOf\":{\"@id\":\"https:\\\/\\\/bulledangeline.com\\\/index.php\\\/actualites\\\/\"},\"author\":{\"name\":\"Valentin Milite\",\"@id\":\"https:\\\/\\\/bulledangeline.com\\\/#\\\/schema\\\/person\\\/4cfa4080c8cae7c7c8c89dac0af16455\"},\"headline\":\"Actualit\u00e9s\",\"datePublished\":\"2025-11-10T17:34:41+00:00\",\"dateModified\":\"2025-11-17T17:34:47+00:00\",\"mainEntityOfPage\":{\"@id\":\"https:\\\/\\\/bulledangeline.com\\\/index.php\\\/actualites\\\/\"},\"wordCount\":2,\"publisher\":{\"@id\":\"https:\\\/\\\/bulledangeline.com\\\/#organization\"},\"inLanguage\":\"fr-FR\"},{\"@type\":\"WebPage\",\"@id\":\"https:\\\/\\\/bulledangeline.com\\\/index.php\\\/actualites\\\/\",\"url\":\"https:\\\/\\\/bulledangeline.com\\\/index.php\\\/actualites\\\/\",\"name\":\"Actualit\u00e9s - Bulle d&#039;Angeline\",\"isPartOf\":{\"@id\":\"https:\\\/\\\/bulledangeline.com\\\/#website\"},\"datePublished\":\"2025-11-10T17:34:41+00:00\",\"dateModified\":\"2025-11-17T17:34:47+00:00\",\"description\":\"Toutes les actualit\u00e9s de Bulle d\u2019Angeline \u00e0 Gisors : id\u00e9es bien-\u00eatre, focus soins, \u00e9v\u00e9nements et nouveaut\u00e9s pour prendre soin de vous.\",\"breadcrumb\":{\"@id\":\"https:\\\/\\\/bulledangeline.com\\\/index.php\\\/actualites\\\/#breadcrumb\"},\"inLanguage\":\"fr-FR\",\"potentialAction\":[{\"@type\":\"ReadAction\",\"target\":[\"https:\\\/\\\/bulledangeline.com\\\/index.php\\\/actualites\\\/\"]}]},{\"@type\":\"BreadcrumbList\",\"@id\":\"https:\\\/\\\/bulledangeline.com\\\/index.php\\\/actualites\\\/#breadcrumb\",\"itemListElement\":[{\"@type\":\"ListItem\",\"position\":1,\"name\":\"Accueil\",\"item\":\"https:\\\/\\\/bulledangeline.com\\\/\"},{\"@type\":\"ListItem\",\"position\":2,\"name\":\"Actualit\u00e9s\"}]},{\"@type\":\"WebSite\",\"@id\":\"https:\\\/\\\/bulledangeline.com\\\/#website\",\"url\":\"https:\\\/\\\/bulledangeline.com\\\/\",\"name\":\"Bulle d&#039;Angeline\",\"description\":\"Centre de bien \u00eatre \u00e0 Gisors\",\"publisher\":{\"@id\":\"https:\\\/\\\/bulledangeline.com\\\/#organization\"},\"potentialAction\":[{\"@type\":\"SearchAction\",\"target\":{\"@type\":\"EntryPoint\",\"urlTemplate\":\"https:\\\/\\\/bulledangeline.com\\\/?s={search_term_string}\"},\"query-input\":{\"@type\":\"PropertyValueSpecification\",\"valueRequired\":true,\"valueName\":\"search_term_string\"}}],\"inLanguage\":\"fr-FR\"},{\"@type\":\"Organization\",\"@id\":\"https:\\\/\\\/bulledangeline.com\\\/#organization\",\"name\":\"Bulle d&#039;Angeline\",\"url\":\"https:\\\/\\\/bulledangeline.com\\\/\",\"logo\":{\"@type\":\"ImageObject\",\"inLanguage\":\"fr-FR\",\"@id\":\"https:\\\/\\\/bulledangeline.com\\\/#\\\/schema\\\/logo\\\/image\\\/\",\"url\":\"https:\\\/\\\/bulledangeline.com\\\/wp-content\\\/uploads\\\/2025\\\/02\\\/cropped-29.png\",\"contentUrl\":\"https:\\\/\\\/bulledangeline.com\\\/wp-content\\\/uploads\\\/2025\\\/02\\\/cropped-29.png\",\"width\":638,\"height\":521,\"caption\":\"Bulle d&#039;Angeline\"},\"image\":{\"@id\":\"https:\\\/\\\/bulledangeline.com\\\/#\\\/schema\\\/logo\\\/image\\\/\"}},{\"@type\":\"Person\",\"@id\":\"https:\\\/\\\/bulledangeline.com\\\/#\\\/schema\\\/person\\\/4cfa4080c8cae7c7c8c89dac0af16455\",\"name\":\"Valentin Milite\",\"image\":{\"@type\":\"ImageObject\",\"inLanguage\":\"fr-FR\",\"@id\":\"https:\\\/\\\/secure.gravatar.com\\\/avatar\\\/3b1c8c62c36106b4afca8d23dcdd72f6f4a6afd3043e8988bc37bd7daf7b2f65?s=96&d=mm&r=g\",\"url\":\"https:\\\/\\\/secure.gravatar.com\\\/avatar\\\/3b1c8c62c36106b4afca8d23dcdd72f6f4a6afd3043e8988bc37bd7daf7b2f65?s=96&d=mm&r=g\",\"contentUrl\":\"https:\\\/\\\/secure.gravatar.com\\\/avatar\\\/3b1c8c62c36106b4afca8d23dcdd72f6f4a6afd3043e8988bc37bd7daf7b2f65?s=96&d=mm&r=g\",\"caption\":\"Valentin Milite\"},\"url\":\"https:\\\/\\\/bulledangeline.com\\\/index.php\\\/author\\\/valentin-milite\\\/\"}]}<\/script>\n<!-- \/ Yoast SEO plugin. -->","yoast_head_json":{"title":"Actualit\u00e9s - Bulle d&#039;Angeline","description":"Toutes les actualit\u00e9s de Bulle d\u2019Angeline \u00e0 Gisors : id\u00e9es bien-\u00eatre, focus soins, \u00e9v\u00e9nements et nouveaut\u00e9s pour prendre soin de vous.","robots":{"index":"index","follow":"follow","max-snippet":"max-snippet:-1","max-image-preview":"max-image-preview:large","max-video-preview":"max-video-preview:-1"},"canonical":"https:\/\/bulledangeline.com\/index.php\/actualites\/","og_locale":"fr_FR","og_type":"article","og_title":"Actualit\u00e9s - Bulle d&#039;Angeline","og_description":"Toutes les actualit\u00e9s de Bulle d\u2019Angeline \u00e0 Gisors : id\u00e9es bien-\u00eatre, focus soins, \u00e9v\u00e9nements et nouveaut\u00e9s pour prendre soin de vous.","og_url":"https:\/\/bulledangeline.com\/index.php\/actualites\/","og_site_name":"Bulle d&#039;Angeline","article_modified_time":"2025-11-17T17:34:47+00:00","twitter_card":"summary_large_image","schema":{"@context":"https:\/\/schema.org","@graph":[{"@type":"NewsArticle","@id":"https:\/\/bulledangeline.com\/index.php\/actualites\/#article","isPartOf":{"@id":"https:\/\/bulledangeline.com\/index.php\/actualites\/"},"author":{"name":"Valentin Milite","@id":"https:\/\/bulledangeline.com\/#\/schema\/person\/4cfa4080c8cae7c7c8c89dac0af16455"},"headline":"Actualit\u00e9s","datePublished":"2025-11-10T17:34:41+00:00","dateModified":"2025-11-17T17:34:47+00:00","mainEntityOfPage":{"@id":"https:\/\/bulledangeline.com\/index.php\/actualites\/"},"wordCount":2,"publisher":{"@id":"https:\/\/bulledangeline.com\/#organization"},"inLanguage":"fr-FR"},{"@type":"WebPage","@id":"https:\/\/bulledangeline.com\/index.php\/actualites\/","url":"https:\/\/bulledangeline.com\/index.php\/actualites\/","name":"Actualit\u00e9s - Bulle d&#039;Angeline","isPartOf":{"@id":"https:\/\/bulledangeline.com\/#website"},"datePublished":"2025-11-10T17:34:41+00:00","dateModified":"2025-11-17T17:34:47+00:00","description":"Toutes les actualit\u00e9s de Bulle d\u2019Angeline \u00e0 Gisors : id\u00e9es bien-\u00eatre, focus soins, \u00e9v\u00e9nements et nouveaut\u00e9s pour prendre soin de vous.","breadcrumb":{"@id":"https:\/\/bulledangeline.com\/index.php\/actualites\/#breadcrumb"},"inLanguage":"fr-FR","potentialAction":[{"@type":"ReadAction","target":["https:\/\/bulledangeline.com\/index.php\/actualites\/"]}]},{"@type":"BreadcrumbList","@id":"https:\/\/bulledangeline.com\/index.php\/actualites\/#breadcrumb","itemListElement":[{"@type":"ListItem","position":1,"name":"Accueil","item":"https:\/\/bulledangeline.com\/"},{"@type":"ListItem","position":2,"name":"Actualit\u00e9s"}]},{"@type":"WebSite","@id":"https:\/\/bulledangeline.com\/#website","url":"https:\/\/bulledangeline.com\/","name":"Bulle d&#039;Angeline","description":"Centre de bien \u00eatre \u00e0 Gisors","publisher":{"@id":"https:\/\/bulledangeline.com\/#organization"},"potentialAction":[{"@type":"SearchAction","target":{"@type":"EntryPoint","urlTemplate":"https:\/\/bulledangeline.com\/?s={search_term_string}"},"query-input":{"@type":"PropertyValueSpecification","valueRequired":true,"valueName":"search_term_string"}}],"inLanguage":"fr-FR"},{"@type":"Organization","@id":"https:\/\/bulledangeline.com\/#organization","name":"Bulle d&#039;Angeline","url":"https:\/\/bulledangeline.com\/","logo":{"@type":"ImageObject","inLanguage":"fr-FR","@id":"https:\/\/bulledangeline.com\/#\/schema\/logo\/image\/","url":"https:\/\/bulledangeline.com\/wp-content\/uploads\/2025\/02\/cropped-29.png","contentUrl":"https:\/\/bulledangeline.com\/wp-content\/uploads\/2025\/02\/cropped-29.png","width":638,"height":521,"caption":"Bulle d&#039;Angeline"},"image":{"@id":"https:\/\/bulledangeline.com\/#\/schema\/logo\/image\/"}},{"@type":"Person","@id":"https:\/\/bulledangeline.com\/#\/schema\/person\/4cfa4080c8cae7c7c8c89dac0af16455","name":"Valentin Milite","image":{"@type":"ImageObject","inLanguage":"fr-FR","@id":"https:\/\/secure.gravatar.com\/avatar\/3b1c8c62c36106b4afca8d23dcdd72f6f4a6afd3043e8988bc37bd7daf7b2f65?s=96&d=mm&r=g","url":"https:\/\/secure.gravatar.com\/avatar\/3b1c8c62c36106b4afca8d23dcdd72f6f4a6afd3043e8988bc37bd7daf7b2f65?s=96&d=mm&r=g","contentUrl":"https:\/\/secure.gravatar.com\/avatar\/3b1c8c62c36106b4afca8d23dcdd72f6f4a6afd3043e8988bc37bd7daf7b2f65?s=96&d=mm&r=g","caption":"Valentin Milite"},"url":"https:\/\/bulledangeline.com\/index.php\/author\/valentin-milite\/"}]}},"_links":{"self":[{"href":"https:\/\/bulledangeline.com\/index.php\/wp-json\/wp\/v2\/pages\/308","targetHints":{"allow":["GET"]}}],"collection":[{"href":"https:\/\/bulledangeline.com\/index.php\/wp-json\/wp\/v2\/pages"}],"about":[{"href":"https:\/\/bulledangeline.com\/index.php\/wp-json\/wp\/v2\/types\/page"}],"author":[{"embeddable":true,"href":"https:\/\/bulledangeline.com\/index.php\/wp-json\/wp\/v2\/users\/2"}],"replies":[{"embeddable":true,"href":"https:\/\/bulledangeline.com\/index.php\/wp-json\/wp\/v2\/comments?post=308"}],"version-history":[{"count":10,"href":"https:\/\/bulledangeline.com\/index.php\/wp-json\/wp\/v2\/pages\/308\/revisions"}],"predecessor-version":[{"id":328,"href":"https:\/\/bulledangeline.com\/index.php\/wp-json\/wp\/v2\/pages\/308\/revisions\/328"}],"wp:attachment":[{"href":"https:\/\/bulledangeline.com\/index.php\/wp-json\/wp\/v2\/media?parent=308"}],"curies":[{"name":"wp","href":"https:\/\/api.w.org\/{rel}","templated":true}]}}